{"id":1002,"date":"2014-04-08T09:59:57","date_gmt":"2014-04-08T07:59:57","guid":{"rendered":"http:\/\/spektraklet.wordpress.com\/?page_id=672"},"modified":"2026-04-06T22:19:02","modified_gmt":"2026-04-06T19:19:02","slug":"svammel","status":"publish","type":"page","link":"http:\/\/spektrum.fi\/spektraklet\/svammel\/","title":{"rendered":"Svammel"},"content":{"rendered":"<p>Alltid nu som d\u00e5 h\u00e4nder det ju sig att fiffiga spektrumiter kl\u00e4cker ur sig livsvisdomar. Vi p\u00e5 Spektraklet g\u00f6r v\u00e5rt b\u00e4sta f\u00f6r att samla \u00e5t oss dessa livsvisdomar f\u00f6r att sen dela vidare dem \u00e5t v\u00e5ra l\u00e4sare. F\u00f6r att g\u00f6ra detta beh\u00f6ver vi dock er hj\u00e4lp; skicka era svammel till redaktionschefen (eller n\u00e5gon redakt\u00f6r) n\u00e4sta g\u00e5ng ni h\u00f6r n\u00e5got som skulle kunna klassas som svammel.<\/p>\n<p><strong>Svammel v\u00e5ren 2025 &#8211; Svammel efter svammel efter svammel!<\/strong><\/p>\n<p>Jag sku ha m\u00e5tt b\u00e4ttre av att vara en \u00f6dla. D\u00e5 sku jag kunnat slicka mina \u00f6gonballar. &#8211; K<\/p>\n<p>De e fine om en av er blir o sova med henne hit. &#8211; L<\/p>\n<p>Jag tror int att ISIS har n\u00e5go med geologi att g\u00f6ra. &#8211; H<\/p>\n<p>Den va st\u00f6rre \u00e4n jag kommer ih\u00e5g, och jag minns att den var massiv. &#8211; P<\/p>\n<p>De sku va helt fine att bli under sp\u00e5ran, men jag sku int orka deala med de idag. &#8211; R<\/p>\n<p>El\u00e4m\u00e4 on laiffii silleen. &#8211; A<\/p>\n<p>Han e int dum, han e bara l\u00e5ng. &#8211; R<\/p>\n<p>J: N\u00e4r tar vi sex p\u00e5 en efterfest?\u00a0 \u00a0 \u00a0 \u00a0 \u00a0 \u00a0 \u00a0 \u00a0 \u00a0 \u00a0 \u00a0 \u00a0 \u00a0 \u00a0 \u00a0 \u00a0 \u00a0 \u00a0 \u00a0 \u00a0 \u00a0 \u00a0 \u00a0 \u00a0 \u00a0 \u00a0 \u00a0 \u00a0 \u00a0 \u00a0 \u00a0 \u00a0 \u00a0 \u00a0 \u00a0 \u00a0 \u00a0 \u00a0 \u00a0 \u00a0 \u00a0 \u00a0 \u00a0 \u00a0 \u00a0 \u00a0 R: Nej tack, jag \u00e4r alkoholfri nuf\u00f6rtiden.<\/p>\n<p>Allts\u00e5 J jag fattar att du har problem med din mun men du verkar ha problem med allm\u00e4n motorik ocks\u00e5. &#8211; M<\/p>\n<p>Barn som kan g\u00f6ra nukes sku vara ett intressant fenomen. Mycket mer intressant \u00e4n barn p\u00e5 tiktok iallafall. &#8211; A<\/p>\n<p>Sexism l\u00e5ter intressant. &#8211; L<\/p>\n<p>De e banger efter banger efter banger! &#8211; D<\/p>\n<p>Om jag sku ha vilja sku jag ha stirrat. &#8211; E<\/p>\n<p>Folk e s\u00e5 normi, de e som att simma i gr\u00f6t. Ibland hittar man sen en sm\u00f6rklick som dig. &#8211; A till B<\/p>\n<p>Men B de e ditt fel att jag har ont i halsen! &#8211; A<\/p>\n<p>De e meh d\u00e4r uppe men max d\u00e4r nere. &#8211; B<\/p>\n<p>Den ryms nog du m\u00e5st bara f\u00f6rs\u00f6ka h\u00e5rdare. &#8211; A<\/p>\n<p>Man kan alltid bo p\u00e5 en parkb\u00e4nk men int snusa i en k\u00e4mpp\u00e4. &#8211; P<\/p>\n<p>Jag e int social jag bara mobbar dig. &#8211; J<\/p>\n<p>Det e mycket l\u00e4ttare bakifr\u00e5n, jag vet int varf\u00f6r. &#8211; L<\/p>\n<p>Jag e \u00e4nnu v\u00e5t s\u00e5 jag e nog med p\u00e5 de. &#8211; P<\/p>\n<p>N: Hej T, e du ocks\u00e5 styv p\u00e5 m\u00e5nga st\u00e4llen?\u00a0 \u00a0 \u00a0 \u00a0 \u00a0 \u00a0 \u00a0 \u00a0 \u00a0 \u00a0 \u00a0 \u00a0 \u00a0 \u00a0 \u00a0 \u00a0 \u00a0 \u00a0 \u00a0 \u00a0 \u00a0 \u00a0 \u00a0 \u00a0 \u00a0 \u00a0 \u00a0 \u00a0 \u00a0 \u00a0 \u00a0 \u00a0 \u00a0 T: Aa joo!\u00a0 \u00a0 \u00a0 \u00a0 \u00a0 \u00a0 \u00a0 \u00a0 \u00a0 \u00a0 \u00a0 \u00a0 \u00a0 \u00a0 \u00a0 \u00a0 \u00a0 \u00a0 \u00a0 \u00a0 \u00a0 \u00a0 \u00a0 \u00a0 \u00a0 \u00a0 \u00a0 \u00a0 \u00a0 \u00a0 \u00a0 \u00a0 \u00a0 \u00a0 \u00a0 \u00a0 \u00a0 \u00a0 \u00a0 \u00a0 \u00a0 \u00a0 \u00a0 \u00a0 \u00a0 \u00a0 \u00a0 \u00a0 \u00a0 \u00a0 \u00a0 \u00a0 \u00a0 \u00a0 \u00a0 \u00a0 \u00a0 \u00a0 \u00a0 \u00a0 \u00a0 \u00a0 \u00a0 \u00a0 \u00a0 \u00a0 \u00a0 \u00a0 \u00a0 \u00a0 \u00a0 N: De va h\u00e5rt ig\u00e5r.<\/p>\n<p>Man sku ha lust att fa in i den men den \u00e4r lite f\u00f6r het. &#8211; B<\/p>\n<p>Den e mycket b\u00e4ttre n\u00e4r den vibrerar. &#8211; P<\/p>\n<p>Det finns andra fina ord p\u00e5 n. &#8211; K<\/p>\n<p>L kan ju st\u00e4lla upp. Sku ocks\u00e5 vara bra med en manlig figur. &#8211; F<\/p>\n<p>Jag tror att jag sku aldrig vara mer villig att ta en kuk i min r\u00f6v \u00e4n just nu. &#8211; P<\/p>\n<p>Den e int lika varm, men den funkar lika bra. &#8211; N<\/p>\n<p>Jag kan nog ta den in i munnen fast den e v\u00e5t, de e fine. &#8211; P<\/p>\n<h5>Svammel 2024<\/h5>\n<p>A : Dom e ju skitl\u00e5nga hu fan sku du f\u00e5 in dem i munnen?<br \/>M : Tryck bara<\/p>\n<p>Man sku ha lust att fa in i den men den e lite f\u00f6 het. -B<\/p>\n<p>Den e mycke b\u00e4ttre n\u00e4r den vibrerar. -P<\/p>\n<p>Det e meh d\u00e4 uppe men max d\u00e4r nere. -B<\/p>\n<p>Ingen annan kommer s\u00e5d\u00e4r bakifr\u00e5n -E<\/p>\n<h5>Svammel 2023 episod II: The return of svammel<\/h5>\n<p>F: Jag \u00e4lskar n\u00e4r A st\u00f6nar<\/p>\n<p>J: Ja har tafsat p\u00e5 m\u00e4n.<\/p>\n<h5>Svammel 2023<\/h5>\n<p>Jag beh\u00f6ver antingen \u00f6l eller s\u00f6mn och jag hinner inte sova &#8211; N<\/p>\n<p>Baserat p\u00e5 storleken \u00e4r det sv\u00e5rt att vara entusiastisk &#8211; \u00c5<\/p>\n<p>Jag tror inte den d\u00e4r \u00e4r riktigt h\u00e4lsosam att s\u00e4tta in n\u00e5nstans &#8211; H<\/p>\n<p>Dend\u00e4r st\u00e5ngen skall in i h\u00e5let &#8211; N<\/p>\n<p>Det finns s\u00e5 mycket skr\u00e4p i h\u00e5let att jag inte f\u00e5r in den &#8211; B<\/p>\n<p>Jag gillar inte dend\u00e4 s\u00e5sen som domd\u00e4 korvarna lilluu i &#8211; F<\/p>\n<p>Jag vill bara vara v\u00e5t &#8211; H<\/p>\n<p>Den d\u00e4r \u00e4r actually h\u00e5rd &#8211; F<\/p>\n<p>Sluta fingra mitt shotglas &#8211; E<\/p>\n<h5>Svammel 2022:\u00a0 Lite kvar de g\u00e5r, sk\u00e5l<\/h5>\n<p>\u00c4ij\u00e4n har l\u00e4tt, som far ba in and out &#8211; E<\/p>\n<p>Jag \u00e4r uppst\u00e5ndad som Jesus &#8211; E<\/p>\n<p>Den \u00e4r helt f\u00f6r l\u00e5ng &#8211; E<\/p>\n<p>Inte F &#8211; H<br \/>Alla andra kan f\u00e5 -S<\/p>\n<p>Vad\u00e5 svammel, jag s\u00e4ger aldrig n\u00e5got appropriate. &#8211; F<\/p>\n<p>Den \u00e4r ju j\u00e4ttel\u00e5ng! &#8211; F<\/p>\n<p>Allts\u00e5 den h\u00e4nger j\u00e4ttes\u00e4llan &#8211; F<\/p>\n<p>Det \u00e4r l\u00e4nge sedan jag m\u00e5ste arbeta, vanligtvis \u00e4r det bara plug and play &#8211; N<\/p>\n<p>Den b\u00f6rjar bli passligt h\u00e5rd den h\u00e4r. Det \u00e4r bra s\u00e5 har man n\u00e5got att tugga p\u00e5 &#8211; N<\/p>\n<p>Den \u00e4r d\u00e4r nere och sen djupt in &#8211; S<\/p>\n<p>Jag ger lika mycket titt-tid \u00e5t alla &#8211; F<\/p>\n<p>S\u00e4tt den dit i cracken s\u00e5 fyller n\u00e5gon den &#8211; S<\/p>\n<p>Jag har alltid roligt, tycker sheriffen om att ha roligt? &#8211; O till N<br \/>Du \u00e4r lite skr\u00e4mmande nu uncle Will &#8211; W<\/p>\n<p>Du \u00e4r inget problem, jag har nog material f\u00f6r dig &#8211; \u00c5<\/p>\n<h5>Svammel 2022: Svammel goes XQRR episod III<\/h5>\n<p>Jag t\u00e4nkte jag skulle fara och slicka p\u00e5ven &#8211; H<\/p>\n<p>Vi kan ha t\u00e4vling om vem som blir v\u00e5tast &#8211; E<\/p>\n<p>Har n\u00e5gon extra sausage dom vill dela med sig? &#8211; F<\/p>\n<p>S\u00e5g ni hur v***n v\u00e5t reve jag hade? &#8211; T<\/p>\n<p>Ska jag squirta? &#8211; S<\/p>\n<p>Satan, s\u00e5na meloner &#8211; E<\/p>\n<p>Vilket h\u00e5l? Eiku jag antar att det bara \u00e4r det h\u00e4r ena h\u00e5let som finns &#8211; E<\/p>\n<p>Jag luktar ingenting f\u00f6r jag \u00e4r nog mer moist \u00e4n du &#8211; T till E<\/p>\n<p>I can show you some popular licking spots &#8211; Guide i Wieliczka<\/p>\n<h5><strong>Svammel 2022<\/strong><\/h5>\n<p>C och jag \u00e4r p\u00e5 en annan st\u00e5ng &#8211; F<\/p>\n<p>Ser det ut som om jag f\u00e5r in min i h\u00e5let nu? &#8211; C<\/p>\n<p>Nej! Jag sku ta r\u00f6ven! &#8211; S<\/p>\n<p>Ja fixa E&#8217;s crack &#8211; F<\/p>\n<p>Det finns nog inga regler f\u00f6r det d\u00e4r &#8211; S<\/p>\n<p>Jag blir bara v\u00e5tare och v\u00e5tare desto l\u00e4ngre kv\u00e4llen g\u00e5r &#8211; E<\/p>\n<p>Det \u00e4r int f\u00f6rsta g\u00e5ngen n\u00e5n har kommit p\u00e5 mitt face &#8211; E<\/p>\n<p>Touhutipat &#8211; E<\/p>\n<p>Varf\u00f6r suger du mig s\u00e5 h\u00e5rt &#8211; S<\/p>\n<p>Jag \u00e4r bartender, vad suger du mig f\u00f6r? &#8211; \u00c5<\/p>\n<p>You may bara suga ur den d\u00e4r &#8211; K<\/p>\n<p>Den \u00e4r f\u00f6r mjuk, den far ingenstans &#8211; C<\/p>\n<p>Vad ska man g\u00f6ra med den d\u00e4r l\u00e5nga saken? -M<\/p>\n<p>Bang p\u00e5 15 minuter sku va ganska tryhard &#8211; F<\/p>\n<p>Vad g\u00f6r oss till grodor? -J<br \/>Typ att vi \u00e4r klibbiga och g\u00f6r konstiga ljud &#8211; O<\/p>\n<p>Vitsi dina s\u00e4ckar \u00e4r stora! -N<\/p>\n<p>Vad som helst \u00e4r fine bara man blir van &#8211; A<\/p>\n<p>Mister meat. S\u00e5nd\u00e4n som man kan k\u00f6pa i butiken &#8211; R<\/p>\n<p>En porrkuk matar en hel familj &#8211; \u00c5<\/p>\n<p>Ja m\u00e5st s\u00e4tta mej djupare &#8211; C<\/p>\n<p>It&#8217;s standing up, so I&#8217;m happy &#8211; J-I<\/p>\n<p>Jaha, d\u00e5 kan alla b\u00f6rja ta fram sina grejor &#8211; S<\/p>\n<p>Tre s\u00e4msta sakerna man kan vara: nazist, kommunist, och sibbobo &#8211; J-I<\/p>\n<p>Dom s\u00e5g stora ut f\u00f6rst men sen tog jag dom i handen och sen huh n\u00e4 &#8211; M<\/p>\n<p>Vi vet alla att incest \u00e4r en bra meme &#8211; A<\/p>\n<p>L\u00e4gg en l\u00e5ng bakifr\u00e5n &#8211; F<\/p>\n<p>Nu f\u00e5r jag int in den igen &#8211; H<\/p>\n<h5>Svammel 20<sup>2<\/sup><\/h5>\n<p>Det \u00e4r nog roligt sen n\u00e4r man vill det p\u00e5riktigt &#8211; O<\/p>\n<p>Statistik \u00e4r som BDSM &#8211; A<\/p>\n<p>Det \u00e4r s\u00e5 m\u00e5nga gulisar att man kan ta hem n\u00e5n &#8211; H<\/p>\n<p>Jag \u00e4r styv men inte lika styv som du &#8211; M<\/p>\n<p>Pippeli? Joo du e inne &#8211; W<\/p>\n<p>Du f\u00e5r ocks\u00e5 visa utan att den andra visar &#8211; \u00c5<\/p>\n<p>\u00c4l\u00e4 mee kauhean syv\u00e4lle &#8211; J<\/p>\n<p>Jesus, ah! Jesus, ah! &#8211; A<\/p>\n<p>Rohkeesti vaan, den \u00e4r int s\u00e5 stor &#8211; E<\/p>\n<p><strong>*A och M talar om kv\u00e4llsplaner*<\/strong><br \/>A: Vad t\u00e4nkte du?<br \/>M: Inget som du gillar<\/p>\n<p>Allt \u00e4r \u00f6ppet i Spektrum &#8211; M<\/p>\n<p>Det \u00e4r tur att du int suger kuk &#8211; E till \u00c5<\/p>\n<p>Jag tar sex f\u00f6r safety &#8211; A<\/p>\n<p>A till J: S\u00e4tt den i munnen och sv\u00e4lj<br \/>J: Nu \u00e4r jag n\u00f6jd<\/p>\n<p>Man sv\u00e4ljer det snabbt s\u00e5 det g\u00f6r inget &#8211; A<\/p>\n<p>Man b\u00f6rjar riktigt sakta, och sen kl\u00e4mmer man p\u00e5 riktigt ordentligt s\u00e5 att musklerna spricker &#8211; R<\/p>\n<p>Jag \u00e4r lite r\u00e4dd att om jag s\u00e4tter det i munnen sv\u00e4ljer jag det som reflex &#8211; \u00c5<\/p>\n<p>Du m\u00e5ste bara ta den och sen imee du helt vitun kovaa &#8211; E<\/p>\n<p>A: Du var faktiskt ganska bra<br \/>H: Det var faktiskt min f\u00f6rsta g\u00e5ng<\/p>\n<p>Du f\u00e5r s\u00e4tta den dit om du m\u00e5st &#8211; K<\/p>\n<p>Jag t\u00e4nkte bara p\u00e5 O och A &#8211; M<\/p>\n<p>Man ska ta s\u00e5 liten som m\u00f6jlig som man kan pressa handen in i &#8211; N<\/p>\n<p>Kan du skaka din kabel? &#8211; A<\/p>\n<p>Har du int n\u00e5gon st\u00f6rre? &#8211; A<\/p>\n<p>Hej M kolla var dildon \u00e4r! &#8211; \u00c5<\/p>\n<h5>Svammel 2019: Pohjalimat<\/h5>\n<p>M: Jag tvingade int, jag satt den l\u00e4tt dit<br \/><strong>*en stund senare*<\/strong><br \/>M: Jag satt den dit s\u00e5 ja borde f\u00e5 bort den<\/p>\n<p>De \u00f6ppnar sig nog int n\u00e5nting h\u00e4r nu &#8211; N<\/p>\n<p>Det skulle vara helt kiva att f\u00e5 den h\u00e4r upp ocks\u00e5 &#8211; H<\/p>\n<p>Jag har vaselin men jag har massor med kr\u00e4m med idag &#8211; M<\/p>\n<p>N\u00e4r det \u00e4r forced s\u00e5 \u00e4r det int kiva &#8211; N<\/p>\n<p>Man tar det s\u00e5d\u00e4r bakifr\u00e5n &#8211; A<\/p>\n<p>Jag har haft det s\u00e5 f\u00e5 g\u00e5nger att det \u00e4r sv\u00e5rt att s\u00e4tta in den &#8211; M<\/p>\n<p>Fittan, mitt stiger inte alls &#8211; O<\/p>\n<p>Jag \u00e4r en freestyle raper (ra:p\u00e6r) &#8211; W<\/p>\n<p>Har ni smitta ner min s\u00e4ng? &#8211; M<\/p>\n<p>Den var int s\u00e5 l\u00e5ng den h\u00e4r, kanske ni borde byta plats? &#8211; W<\/p>\n<p>Jag skulle vara t\u00e4ckt i vittu i s\u00e5 fall &#8211; N<\/p>\n<p>Hela perioden skiter sig n\u00e4r man dokar hela tiden&#8230; s\u00e4jer man medan man dricker i Kafferummet &#8211; N<\/p>\n<p>N: \u00d6va i duschen<br \/><strong>*en stund senare*<\/strong><br \/>N: \u00d6va med fyra fingrar<\/p>\n<h5>Svammel 2019: Slumber party @Klubben<\/h5>\n<p>Husband to a murdered child &#8211; \u00c5<\/p>\n<p>Jag kommer l\u00e4tt bli fucked &#8211; M<\/p>\n<p>Om jag f\u00e5r ligga h\u00e4r och se p\u00e5 er &#8211; \u00c5<\/p>\n<p>Jag tror M sku ha sv\u00e5rt att st\u00e5 upp efter jag drar allt jag har &#8211; \u00c5<\/p>\n<p>I wanna get fucked &#8211; M<\/p>\n<p>Det \u00e4r bulgen som r\u00e4knas &#8211; \u00c5<\/p>\n<p>Det \u00e4r j\u00e4vla najs att ha penis &#8211; \u00c5<\/p>\n<p>E: Varf\u00f6r tar du b\u00e4ltet av dig?<br \/>W: Jag ska b\u00f6ja ner mig<\/p>\n<p>Dom k\u00e4nns tightare \u00e4n du &#8211; \u00c5<\/p>\n<p>Fittan att hon aldrig sku l\u00e5ta mig komma in &#8211; \u00c5<\/p>\n<p>Jag vill p\u00e5ta p\u00e5 dom &#8211; W<\/p>\n<h5><strong>Svammel 2019: Reve-lations<\/strong><\/h5>\n<p>Sex \u00e4r allt jag f\u00e5r &#8211; S<\/p>\n<p>Vad \u00e4r ens kr\u00e4kreflexer? &#8211; A<\/p>\n<p>Jag kan nog komma p\u00e5nytt de va roligt &#8211; A<\/p>\n<p>Du kommer aldrig att f\u00e5 de s\u00e5 som ja har upplevt de, och de \u00e4r for maximum pleasure &#8211; A<\/p>\n<p>Varf\u00f6r blir det int en homo? Det m\u00e5st bli en homo dit i slutet &#8211; A<\/p>\n<p>Jag har int smaka p\u00e5 Emils. Vi tala om fucking&#8230; &#8211; M<\/p>\n<p>Jag hatar hudkontaktljud &#8211; S<\/p>\n<p>P\u00e5 n\u00e5tt s\u00e4tt s\u00f6gs den bara tillbaka upp s\u00e5d\u00e4r med min hand &#8211; S<\/p>\n<p>M kompenserar med sin snoppstorlek &#8211; \u00c5<\/p>\n<p>Det \u00e4r inte roligt n\u00e4r n\u00e5n s\u00e4jer sex och alla passar &#8211; S<\/p>\n<p>Jag ligger nu h\u00e4r och du ska spanka mig &#8211; M<\/p>\n<p>Mikro-Hitler var en succ\u00e9 &#8211; E<\/p>\n<p>\u00c4r hela grejen stretchig? &#8211; K<\/p>\n<p>Beh\u00f6ver den h\u00e4r de d\u00e4r h\u00e5len f\u00f6r att fungera? &#8211; K<\/p>\n<p>Det l\u00f6nar sig att ha diarr\u00e9 &#8211; W<\/p>\n<p>Om jag \u00e4r f\u00f6rsiktig med mina ord s\u00e5 hamnar jag aldrig d\u00e4r &#8211; E<\/p>\n<p>Sex \u00e4r mycket b\u00e4ttre &#8211; O<\/p>\n<p>S\u00e5 l\u00e4nge han g\u00f6r en stor sats kan man frossa i sig &#8211; M<\/p>\n<p>Toka reik\u00e4 l\u00f6ytyi &#8211; E<\/p>\n<p>T\u00e4nker inte g\u00f6ra det f\u00f6r att fuck you &#8211; W<\/p>\n<p>Hej M! Mitt h\u00e5l glappar h\u00e5rt! &#8211; \u00c5<\/p>\n<p>Om eng\u00e5ng fisting \u00e4r bekant s\u00e5 vet jag inte om det andra r\u00e4knas som din gr\u00e4ns d\u00e5 mera &#8211; A<\/p>\n<p>Man ska s\u00e4tta den i munnen i en viss position and andas in och ut &#8211; M<\/p>\n<p>Mina fingrar byter k\u00f6n n\u00e4r de blir v\u00e5ta &#8211; A<\/p>\n<p>Hej A, var \u00e4r dina muffinsar? &#8211; M<\/p>\n<p>Ta de som en dam &#8211; W<\/p>\n<p>Dom kommer alla p\u00e5 mitt fejs \u00e4nd\u00e5&#8230; &#8211; A<\/p>\n<p>\u00c4r det suck time? &#8211; W<\/p>\n<p>St\u00e4llningen \u00e4r 6 till 9 &#8211; W<\/p>\n<h5><strong>Svammel 2019: XQRR edition<\/strong><\/h5>\n<p>Harder pottere &#8211; A<\/p>\n<p>It&#8217;s my personal hole &#8211; S<\/p>\n<p>M: Menik\u00f6 nen\u00e4\u00e4n?<br \/>A: En tied\u00e4 minne se meni<\/p>\n<p>V\u00e4nt nu lite, jag jobbar p\u00e5 de. Det \u00e4r inte s\u00e5 l\u00e4tt o tyda domh\u00e4r bokst\u00e4verna &#8211; O<\/p>\n<p>Jag t\u00e4nkte ta ett foto, men int kunde jag ta en bild p\u00e5 n\u00e5gon som ser s\u00e5 ful ut &#8211; O<\/p>\n<p>Jag \u00e4r\u00a0<em>T H I C C<\/em> boi h\u00e4r nu &#8211; K<\/p>\n<p>Vad \u00e4r svammel? &#8211; T<\/p>\n<p>Alkaaks sulla paikat l\u00f6ystyy? &#8211; A<\/p>\n<p>Om ingenting \u00e4r \u00f6ppet s\u00e5 k\u00f6per jag ett glas vin &#8211; A<\/p>\n<p>Vi \u00e4r inte p\u00e5 en stripbar&#8230; eiku en street bar &#8211; A<\/p>\n<p>Vad \u00e4r det h\u00e4r f\u00f6r moj\u00e4ng? Aa det \u00e4r en datormus &#8211; O<\/p>\n<p>Can I? <strong>*tounge wiggle*<\/strong> &#8211; R<\/p>\n<p>Hur h\u00e5lls den s\u00e5 styv n\u00e4r den \u00e4r fuktig? &#8211; R<\/p>\n<p>Jag tror du borde supa mera, d\u00e5 blir det h\u00e4r roligt &#8211; W<\/p>\n<p>Boyboner &#8211; M<\/p>\n<p>\u00c5h det \u00e4r m\u00f6rt&#8230; Det \u00e4r s\u00e5 m\u00f6rt&#8230; Eiku det \u00e4r en svamp &#8211; W<\/p>\n<p>Mj\u00f6lk \u00e4r ganska bra mot allt gift &#8211; M<\/p>\n<p>Sun on likainen, mun on puhdas &#8211; W<\/p>\n<p>\u00c4r Hese fr\u00e5n Finland? Vad g\u00f6r den h\u00e4r? &#8211; M<\/p>\n<p>Varf\u00f6r \u00e4r ni v\u00e5ta? &#8211; E<\/p>\n<p>Vem \u00e4r S? &#8211; S sj\u00e4lv<\/p>\n<p>Nu \u00e4r vi i EU, nu \u00e4r det bra att f\u00e5 salmonella igen &#8211; S<\/p>\n<p>Vi kommer att ha tv\u00e5 pauser f\u00f6re bordern s\u00e5 pissa enligt de &#8211; F<\/p>\n<p>You can take the boy out of the box, but not the box out of the boy &#8211; K<\/p>\n<p>S\u00e4 otat v\u00e4h\u00e4n liian kovaa M &#8211; F<\/p>\n<p>Du har int h\u00f6rt F och M fucking&#8230; &#8211; M<\/p>\n<p>Jag vet int hur m\u00e5nga \u00e4r manliga och hur m\u00e5nga kvinnliga, men de funkar \u00e5t b\u00e5da h\u00e5llen &#8211; F<\/p>\n<p>Det \u00e4r s\u00e5 sv\u00e5rt o suga h\u00e4rifr\u00e5n n\u00e4r den \u00e4r s\u00e5 l\u00e5ng &#8211; F<\/p>\n<p>Om du s\u00e4tter ditt finger i mitt h\u00e5le..? &#8211; M<\/p>\n<p>Vad sprutar du tillbaka? &#8211; M<\/p>\n<p>W, mera in! &#8211; A<\/p>\n<p>M1: Nielesitk\u00f6 vai sylk\u00e4sitk\u00f6 pois?<br \/>M2: Svalde bara och hostade int<\/p>\n<p>Vi har gjort de i tre \u00e5r och E har gjort det bara n\u00e5gra g\u00e5nger &#8211; F<\/p>\n<p>A1 hade inga byxor p\u00e5 sig&#8230; Eller s\u00e5d\u00e4r &#8211; A2<\/p>\n<p>Det \u00e4r bara att s\u00e4tta i munnen s\u00e5 m\u00e5r man b\u00e4ttre &#8211; R<\/p>\n<p>Zuccweenie &#8211; W<\/p>\n<p>Where is my kamm? &#8211; R<\/p>\n<p>Vad \u00e4r skillnaden mellan pizza o pasta? &#8211; E<\/p>\n<p>R: And here is a holocaust museum<br \/>M: <strong>Nice<\/strong><\/p>\n<p>Det \u00e4r kiva att ha lite st\u00f6rre men det g\u00e5r nog &#8211; M<\/p>\n<h5><strong>Svammel 2019: Cocked and loaded<\/strong><\/h5>\n<p>Han \u00e4r nog homo. Jag kan bekr\u00e4fta de &#8211; O<\/p>\n<p>Kommer den m\u00e5nne att bli caught? &#8211; M<\/p>\n<p>Det var nog s\u00e4msta satsen n\u00e5nsin &#8211; O<\/p>\n<p>Sen n\u00e4r man kommer fram kan man nog g\u00f6ra de, \u00f6ppna benen lite &#8211; O<\/p>\n<p>O: Vet du va, D? Nu har vi sex.<br \/><strong>*tio minuter senare*<\/strong><br \/>O: Nu har vi \u00e5ter sex.<br \/><strong>*fem minuter senare*<\/strong><br \/>D: Nu har vi sex igen. Vi har bara sex inget annat!<\/p>\n<p>Det kom en ah!\u00a0Det kom en ah!\u00a0Det kom en ah!\u00a0Det kom en ah! &#8211; \u00c5<\/p>\n<p>Satan vilken sladd &#8211; S<\/p>\n<p>Hellre geolog och heml\u00f6s \u00e4n bara heml\u00f6s &#8211; W<\/p>\n<p>E: Hade ni n\u00e5n taktik?<br \/>S: N\u00e4, s\u00e4tt den i och spring.<\/p>\n<p>Hellre en nanopenis \u00e4n en none-penis &#8211; \u00c5<\/p>\n<p>&#8221;Kommer innan&#8221; \u00e4r en transitiv relation &#8211; A<\/p>\n<p>Det h\u00e4r \u00e4r inte bra. En linje kan inte se s\u00e5h\u00e4r rak ut &#8211; O<\/p>\n<p>W: Har du herpes?<br \/>S: Jojojojojo<\/p>\n<p>Det finns ett h\u00e5l dit man trycker in den i &#8211; S<\/p>\n<p>Jag k\u00e4nde mig s\u00e5 out-of-place n\u00e4r alla tog av sig tr\u00f6jan &#8211; A<\/p>\n<p>Om jag hade haft b\u00e4lte s\u00e5 skulle jag ha kn\u00e4ppt upp den f\u00f6r l\u00e4nge sen -S<\/p>\n<p>A1 till A2: Din e mycket st\u00f6rre \u00e4n min<br \/><strong>*en stund senare*<\/strong><br \/>A2: Det h\u00e4r kan bli v\u00e5ldsamt<\/p>\n<p>F: Du e f\u00e4rdigt kl\u00e4dd<br \/>\u00c5: Ja sku just kl\u00e4 av mig<br \/>F: D\u00e5 kom ja i r\u00e4tt tid<\/p>\n<p>Hur var \u00c5land? &#8211; S<\/p>\n<p>Hitler \u00e4r en k\u00e4ndis &#8211; \u00c5<\/p>\n<p>Gissa vem som kommer att ha klibbiga fingrar idag &#8211; M<\/p>\n<p>Kom du NU? Vi starta en sekund sen&#8230; &#8211; S<\/p>\n<p>Nej g\u00f6r absolut int s\u00e5d\u00e4r, anv\u00e4nd tre fingrar &#8211; S<\/p>\n<p>Int g\u00f6r det n\u00e5got, de klia ren fr\u00e5n f\u00f6rrut &#8211; O<\/p>\n<p>Om han inte sku varit hon sku jag ha haft en chans &#8211; A<\/p>\n<p>Vill du komma \u00e4nnu en g\u00e5ng? &#8211; S<\/p>\n<p>Gurula \u00e4r nog det sista st\u00e4llet ja sku s\u00e4lja migsj\u00e4lv i &#8211; W<\/p>\n<p>Vill du ha n\u00e5got att sv\u00e4lja ner din panini med? &#8211; W<\/p>\n<p>Jag ville bara visa min juttu &#8211; S<\/p>\n<p>Mina br\u00f6stmuskler vibrerar okontrollerat. Hj\u00e4lp mig! &#8211; \u00c5<\/p>\n<p>Man f\u00e5r inte anv\u00e4nda s\u00e5dana horor &#8211; W<\/p>\n<p>Suklaaorgiat b\u00f6rjar h\u00e4r nu &#8211; O<\/p>\n<p><strong>*O1 \u00e4r p\u00e5 v\u00e4g till toaletten*<\/strong><br \/>O2: Vad ska du dit o g\u00f6ra?<br \/>O1: Jag vet int riktigt<\/p>\n<p>Jag \u00e4r inte smart, jag \u00e4r realist &#8211; O<\/p>\n<h5><strong>Svammel 2018: Episod 1<\/strong><\/h5>\n<p>Chaplin tar jag men int Hitler &#8211; E<\/p>\n<p>Kan man utveckla homosexualitet? &#8211; M<\/p>\n<p>Ni kan banga sen n\u00e4r jag sticker &#8211; S<\/p>\n<p>Det skulle beh\u00f6vas en f\u00f6rl\u00e4ngning &#8211; O<\/p>\n<p>Det \u00e4r sv\u00e5rt att skratta och suga samtidigt &#8211; A<\/p>\n<p>Jag tog redan av Roope, men nog kan jag ta av dig ocks\u00e5. -J<\/p>\n<p><strong>*W l\u00e4ser upp haiku som E skrivit*<\/strong><br \/>&#8221;St\u00f6n, fl\u00e5s, pust och fan<br \/>Nej, du lyssnar int p\u00e5 sex<br \/>Ba Kafferummet&#8221;<br \/>E: Jag t\u00e4nkte p\u00e5 A<\/p>\n<p>Det finns en bild p\u00e5 min Kukko p\u00e5 Instagram&#8230; -S<\/p>\n<p>S: Fick du av F?<br \/>O: Jo.<\/p>\n<p>Jag tycker om grass och bondage. -J<\/p>\n<h5><strong>Svammel VI: Batong Edition<\/strong><\/h5>\n<p>Vem har tafsat p\u00e5 min&#8230; batong? \u00a0-W<\/p>\n<p>Jag ville ha batong, men jag best\u00e4mde mig f\u00f6r att vara billig ist\u00e4llet. \u00a0 -L<\/p>\n<h5><strong>De senaste svamlen, XQRR-edition mm.<\/strong><\/h5>\n<p>Pakotin kakkoseen. De ba lipsahti. \u00a0 -F<\/p>\n<p>M\u00e4n har penis, vi har int, d\u00e4rf\u00f6r tar det mycket l\u00e4ngre f\u00f6r er. \u00a0 -S<\/p>\n<p>F: Jag vill int ha en man.<br \/>F: Men man kan alltid int f\u00e5 det man vill ha.<\/p>\n<p>Miks t\u00e4t\u00e4 ei saa laittaa n\u00e4in syv\u00e4lle? \u00a0 -M<\/p>\n<p>Det \u00e4r n\u00e4stan mera oregano \u00e4n spyor. \u00a0 -L<\/p>\n<p>Pungsolo. \u00a0 -S<\/p>\n<p>I like buttholes. \u00a0 -L<\/p>\n<p>Vi vill shotta fr\u00e5n ditt h\u00e5l. \u00a0 -F<\/p>\n<p>Du e s\u00e5 l\u00e4tt. \u00a0 -E till M<\/p>\n<p>Usch, lappare. \u00a0 -S<\/p>\n<p>Meill\u00e4h\u00e4n on ihan samankokoiset. \u00a0 -M<\/p>\n<p>Man bara suger och suger och inget kommer ut. \u00a0 -E<\/p>\n<p>Vill du s\u00e4tta in den eller n\u00e4? \u00a0 -F<\/p>\n<h5><strong>Sommartr\u00e4ff 2015<\/strong><\/h5>\n<p>J: Blir det sex nu?<br \/>P: Jjeepp!<\/p>\n<p>Jag b\u00e5de pissar och skrattar samtidigt. -J<\/p>\n<p>Jag vill ha Paul, men jag f\u00e5r bara Lasse! -F<\/p>\n<p>Varf\u00f6r kan jag aldrig komma samtidigt som alla andra? -J<\/p>\n<h5><strong>Historiska svammel<\/strong><\/h5>\n<p>Jes, nu har jag massa karlar som mina slavar! Och Fanny.\u00a0 &#8211; M<\/p>\n<p>Bieber \u00e4r cool!\u00a0 &#8211; E<\/p>\n<p>Salmari \u00e4r v\u00e4l inte \u00f6l? &#8211; J<\/p>\n<p>I rumpan \u00e4r awesome -S<\/p>\n<p>Hundrasex, det \u00e4r som hundraklubben med&#8230; -J<\/p>\n<p>V\u00e4nster! &#8211; A<\/p>\n<p>M: F\u00e5r du upp den?<br \/>T: Jo, jo&#8230;<br \/><strong>*en stund senare*<\/strong><br \/>T: Den stiger!<br \/>Ti: Den brukar nog sjunka&#8230;<br \/>T: Men titta &#8211; den stiger, den stiger!<br \/><strong>*\u00e4nnu en stund senare*<\/strong><br \/>T: Mikka, du kan nog komma nu<\/p>\n<p>Det v\u00e4rsta som nog kan h\u00e4nda \u00e4r att man sku hamna s\u00e4tta boxers p\u00e5 sig. &#8211; S<\/p>\n<p>Hall\u00e5? Jag h\u00f6r inte dig. Aj, du har inte svarat \u00e4nnu. &#8211; T (p\u00e5 telefon)<\/p>\n<p><span class=\"_5yl5\"><span class=\"null\">Jag vill s\u00e5 fylla det d\u00e4r h\u00e5let med n\u00e5got! &#8211; J<br \/><\/span><\/span><\/p>\n<p>Jag f\u00e5r inte in den i Niklas &#8211; S<\/p>\n<p>Jag borde inte ha \u00e4tit 600g k\u00f6tt innan det h\u00e4r -T<\/p>\n<p>Jag \u00e4r gay f\u00f6r Fanny &#8211; M<\/p>\n<p>Vet du vad kikkelin \u00e4r? &#8211; K<\/p>\n<p>Ooooooh den for djupt &#8211; J<\/p>\n<p>L: \u00d6l?<br \/>F: Nej tack, man blir nog gravid av mindre ocks\u00e5.<\/p>\n<p>Jeremias kastar sin korv p\u00e5 Emppu. -C<\/p>\n<p>Vad \u00e4r svammel? -M<\/p>\n<p>Nitb\u00e4lte + bar rumpa = bakwerk! -M<\/p>\n<p>Jag var inte full, jag bara missa soffan!\u00a0 -S<\/p>\n<p>Vad \u00e4r kikkeli? Jag vill ha kikkeli! &#8211; J<\/p>\n<p>Sebbe vill du flytta till Antarktis med dig? -H<\/p>\n<p>V\u00e4nta lite&#8230; D\u00e4r \u00e4r h\u00e5let! -F<\/p>\n<p>Man bara k\u00e4nner hur det kommer bakifr\u00e5n! -S<\/p>\n<p>Jag brukar t\u00e4nka p\u00e5 Kaj. -C<\/p>\n\n\n<p><\/p>\n","protected":false},"excerpt":{"rendered":"<p>Alltid nu som d\u00e5 h\u00e4nder det ju sig att fiffiga spektrumiter kl\u00e4cker ur sig livsvisdomar. Vi p\u00e5 Spektraklet g\u00f6r v\u00e5rt b\u00e4sta f\u00f6r att samla \u00e5t oss dessa livsvisdomar f\u00f6r att sen dela vidare dem \u00e5t v\u00e5ra l\u00e4sare. F\u00f6r att g\u00f6ra detta beh\u00f6ver vi dock er hj\u00e4lp; skicka era svammel till redaktionschefen (eller n\u00e5gon redakt\u00f6r) n\u00e4sta &hellip; <a href=\"http:\/\/spektrum.fi\/spektraklet\/svammel\/\" class=\"more-link\">Forts\u00e4tt l\u00e4sa <span class=\"screen-reader-text\">Svammel<\/span> <span class=\"meta-nav\">&rarr;<\/span><\/a><\/p>\n","protected":false},"author":2,"featured_media":0,"parent":0,"menu_order":0,"comment_status":"open","ping_status":"closed","template":"","meta":{"footnotes":""},"_links":{"self":[{"href":"http:\/\/spektrum.fi\/spektraklet\/wp-json\/wp\/v2\/pages\/1002"}],"collection":[{"href":"http:\/\/spektrum.fi\/spektraklet\/wp-json\/wp\/v2\/pages"}],"about":[{"href":"http:\/\/spektrum.fi\/spektraklet\/wp-json\/wp\/v2\/types\/page"}],"author":[{"embeddable":true,"href":"http:\/\/spektrum.fi\/spektraklet\/wp-json\/wp\/v2\/users\/2"}],"replies":[{"embeddable":true,"href":"http:\/\/spektrum.fi\/spektraklet\/wp-json\/wp\/v2\/comments?post=1002"}],"version-history":[{"count":183,"href":"http:\/\/spektrum.fi\/spektraklet\/wp-json\/wp\/v2\/pages\/1002\/revisions"}],"predecessor-version":[{"id":6488,"href":"http:\/\/spektrum.fi\/spektraklet\/wp-json\/wp\/v2\/pages\/1002\/revisions\/6488"}],"wp:attachment":[{"href":"http:\/\/spektrum.fi\/spektraklet\/wp-json\/wp\/v2\/media?parent=1002"}],"curies":[{"name":"wp","href":"https:\/\/api.w.org\/{rel}","templated":true}]}}